{"id":221,"date":"2023-06-21T10:06:35","date_gmt":"2023-06-21T10:06:35","guid":{"rendered":"https:\/\/barbaragroote.de\/?page_id=221"},"modified":"2023-06-21T19:03:33","modified_gmt":"2023-06-21T19:03:33","slug":"beratungsangebot","status":"publish","type":"page","link":"https:\/\/barbaragroote.de\/?page_id=221","title":{"rendered":"Beratungsangebot"},"content":{"rendered":"<div class=\"wp-block-image\">\n<figure class=\"alignright size-large is-resized\"><img loading=\"lazy\" decoding=\"async\" src=\"https:\/\/barbaragroote.de\/wp-content\/uploads\/2023\/06\/Flyer-1-727x1024.jpg\" alt=\"\" class=\"wp-image-265\" width=\"370\" height=\"521\" srcset=\"https:\/\/barbaragroote.de\/wp-content\/uploads\/2023\/06\/Flyer-1-727x1024.jpg 727w, https:\/\/barbaragroote.de\/wp-content\/uploads\/2023\/06\/Flyer-1-213x300.jpg 213w, https:\/\/barbaragroote.de\/wp-content\/uploads\/2023\/06\/Flyer-1-768x1082.jpg 768w, https:\/\/barbaragroote.de\/wp-content\/uploads\/2023\/06\/Flyer-1.jpg 794w\" sizes=\"auto, (max-width: 370px) 100vw, 370px\" \/><\/figure>\n<\/div>\n\n\n<p>\u201eEinander im Blick behalten\u201c so hei\u00dft mein Beratungsangebot, Ich m\u00f6chte heilp\u00e4dagogische Beratung und Begleitung f\u00fcr Menschen anbieten, die in irgendeiner Form mit k\u00f6rperlichen Einschr\u00e4nkungen leben m\u00fcssen. Diesen Dienst m\u00f6chte ich entweder per Telefon (unter 04972 9906812), per E-Mail oder Chat (\u00fcber das Programm \u201eSignal\u201c) in Einzelgespr\u00e4chen in einem gesch\u00fctzten Rahmen anbieten. Also ganz bequem von Zuhause aus. Eine Anmeldung ist auch \u00fcber das Kontaktformular dieser Homepage m\u00f6glich. <\/p>\n\n\n\n<p>F\u00fcr diese Dienstleistung w\u00fcrde ich 30 Euro pro Beratungseinheit (60 Min.) nehmen, f\u00fcr Geringverdiener k\u00f6nnen Sonderregelungen getroffen werden. Das Erstgespr\u00e4ch ist kostenlos.<\/p>\n\n\n\n<p>Ich m\u00f6chte mich kurz vorstellen: Ich habe Heilp\u00e4dagogik studiert und sp\u00e4ter, nebenberuflich eine sehr fundierte theologisch seelsorgerische Ausbildung in der Landeskirche Mitteldeutschlands absolviert und habe in den letzten drei Jahren an einer Weiterbildung in Psychotherapie teilgenommen. All diese Komponenten, die mein Leben pr\u00e4gten f\u00fchrten nun zu der oben vorgestellten Idee.<\/p>\n","protected":false},"excerpt":{"rendered":"<p>\u201eEinander im Blick behalten\u201c so hei\u00dft mein Beratungsangebot, Ich m\u00f6chte heilp\u00e4dagogische Beratung und Begleitung f\u00fcr Menschen anbieten, die in irgendeiner Form mit k\u00f6rperlichen Einschr\u00e4nkungen leben m\u00fcssen. Diesen Dienst m\u00f6chte ich entweder per Telefon (unter 04972 9906812), per E-Mail oder Chat&#8230;<\/p>\n","protected":false},"author":2,"featured_media":0,"parent":0,"menu_order":0,"comment_status":"closed","ping_status":"closed","template":"","meta":{"footnotes":""},"class_list":["post-221","page","type-page","status-publish","hentry"],"_links":{"self":[{"href":"https:\/\/barbaragroote.de\/index.php?rest_route=\/wp\/v2\/pages\/221","targetHints":{"allow":["GET"]}}],"collection":[{"href":"https:\/\/barbaragroote.de\/index.php?rest_route=\/wp\/v2\/pages"}],"about":[{"href":"https:\/\/barbaragroote.de\/index.php?rest_route=\/wp\/v2\/types\/page"}],"author":[{"embeddable":true,"href":"https:\/\/barbaragroote.de\/index.php?rest_route=\/wp\/v2\/users\/2"}],"replies":[{"embeddable":true,"href":"https:\/\/barbaragroote.de\/index.php?rest_route=%2Fwp%2Fv2%2Fcomments&post=221"}],"version-history":[{"count":3,"href":"https:\/\/barbaragroote.de\/index.php?rest_route=\/wp\/v2\/pages\/221\/revisions"}],"predecessor-version":[{"id":266,"href":"https:\/\/barbaragroote.de\/index.php?rest_route=\/wp\/v2\/pages\/221\/revisions\/266"}],"wp:attachment":[{"href":"https:\/\/barbaragroote.de\/index.php?rest_route=%2Fwp%2Fv2%2Fmedia&parent=221"}],"curies":[{"name":"wp","href":"https:\/\/api.w.org\/{rel}","templated":true}]}}